{"id":100194,"date":"2021-01-06T22:26:02","date_gmt":"2021-01-06T21:26:02","guid":{"rendered":"http:\/\/base.vivian.lab\/product\/import-placeholder-for-3385\/"},"modified":"2024-03-21T19:32:37","modified_gmt":"2024-03-21T18:32:37","slug":"minas-molin-cm390-2mm-hb","status":"publish","type":"product","link":"https:\/\/www.vivian.com.gt\/tienda\/product\/minas-molin-cm390-2mm-hb\/","title":{"rendered":"Minas Molin CM390 2mm HB"},"content":{"rendered":"<ul>\n<li>Minas de pol\u00edmero para papel, cartulina y cart\u00f3n<\/li>\n<li>Dureza HB<\/li>\n<li>Borrado f\u00e1cil y limpio<\/li>\n<\/ul>\n","protected":false},"excerpt":{"rendered":"<p>Minas de pol\u00edmero para papel, cartulina y cart\u00f3n Dureza HB Borrado f\u00e1cil y limpio<\/p>\n","protected":false},"featured_media":3312,"comment_status":"open","ping_status":"closed","template":"","meta":[],"product_cat":[206,261,374,366],"product_tag":[375,207],"_links":{"self":[{"href":"https:\/\/www.vivian.com.gt\/tienda\/wp-json\/wp\/v2\/product\/100194"}],"collection":[{"href":"https:\/\/www.vivian.com.gt\/tienda\/wp-json\/wp\/v2\/product"}],"about":[{"href":"https:\/\/www.vivian.com.gt\/tienda\/wp-json\/wp\/v2\/types\/product"}],"replies":[{"embeddable":true,"href":"https:\/\/www.vivian.com.gt\/tienda\/wp-json\/wp\/v2\/comments?post=100194"}],"wp:featuredmedia":[{"embeddable":true,"href":"https:\/\/www.vivian.com.gt\/tienda\/wp-json\/wp\/v2\/media\/3312"}],"wp:attachment":[{"href":"https:\/\/www.vivian.com.gt\/tienda\/wp-json\/wp\/v2\/media?parent=100194"}],"wp:term":[{"taxonomy":"product_cat","embeddable":true,"href":"https:\/\/www.vivian.com.gt\/tienda\/wp-json\/wp\/v2\/product_cat?post=100194"},{"taxonomy":"product_tag","embeddable":true,"href":"https:\/\/www.vivian.com.gt\/tienda\/wp-json\/wp\/v2\/product_tag?post=100194"}],"curies":[{"name":"wp","href":"https:\/\/api.w.org\/{rel}","templated":true}]}}