{"id":100824,"date":"2024-03-21T19:17:31","date_gmt":"2024-03-21T18:17:31","guid":{"rendered":"https:\/\/www.vivian.com.gt\/tienda\/?post_type=product&#038;p=100824"},"modified":"2026-03-17T23:19:38","modified_gmt":"2026-03-17T22:19:38","slug":"foliadora-pelikan-8-digitos","status":"publish","type":"product","link":"https:\/\/www.vivian.com.gt\/tienda\/product\/foliadora-pelikan-8-digitos\/","title":{"rendered":"Foliadora Pelikan 8 digitos"},"content":{"rendered":"<ul>\n<li>Autom\u00e1tica de cuerpo met\u00e1lico con mango pl\u00e1stico<\/li>\n<li>8 d\u00edgitos<\/li>\n<li>Incluye: 2 almohadillas, 1 tinta negra, 1 ajustador pl\u00e1stico<\/li>\n<\/ul>\n","protected":false},"excerpt":{"rendered":"<p>Autom\u00e1tica de cuerpo met\u00e1lico con mango pl\u00e1stico 8 d\u00edgitos Incluye: 2 almohadillas, 1 tinta negra, 1 ajustador pl\u00e1stico<\/p>\n","protected":false},"featured_media":0,"comment_status":"open","ping_status":"closed","template":"","meta":[],"product_cat":[202,89],"product_tag":[],"_links":{"self":[{"href":"https:\/\/www.vivian.com.gt\/tienda\/wp-json\/wp\/v2\/product\/100824"}],"collection":[{"href":"https:\/\/www.vivian.com.gt\/tienda\/wp-json\/wp\/v2\/product"}],"about":[{"href":"https:\/\/www.vivian.com.gt\/tienda\/wp-json\/wp\/v2\/types\/product"}],"replies":[{"embeddable":true,"href":"https:\/\/www.vivian.com.gt\/tienda\/wp-json\/wp\/v2\/comments?post=100824"}],"wp:attachment":[{"href":"https:\/\/www.vivian.com.gt\/tienda\/wp-json\/wp\/v2\/media?parent=100824"}],"wp:term":[{"taxonomy":"product_cat","embeddable":true,"href":"https:\/\/www.vivian.com.gt\/tienda\/wp-json\/wp\/v2\/product_cat?post=100824"},{"taxonomy":"product_tag","embeddable":true,"href":"https:\/\/www.vivian.com.gt\/tienda\/wp-json\/wp\/v2\/product_tag?post=100824"}],"curies":[{"name":"wp","href":"https:\/\/api.w.org\/{rel}","templated":true}]}}