{"id":99459,"date":"2021-01-06T21:49:02","date_gmt":"2021-01-06T20:49:02","guid":{"rendered":"http:\/\/base.vivian.lab\/product\/import-placeholder-for-2074\/"},"modified":"2026-01-22T23:09:28","modified_gmt":"2026-01-22T22:09:28","slug":"porta-clip-apunta","status":"publish","type":"product","link":"https:\/\/www.vivian.com.gt\/tienda\/product\/porta-clip-apunta\/","title":{"rendered":"Porta clip Apunta"},"content":{"rendered":"<ul>\n<li>Resistente material acr\u00edlico<\/li>\n<li>Combinaci\u00f3n transparente y negro<\/li>\n<li>Medidas 2.5\u201d X 1.5\u201d X 1.5\u201c<\/li>\n<li>Capacidad 100 clips standard<\/li>\n<li>Boca magn\u00e9tica para f\u00e1cil extracci\u00f3n<\/li>\n<\/ul>\n","protected":false},"excerpt":{"rendered":"<p>Resistente material acr\u00edlico<\/p>\n","protected":false},"featured_media":100950,"comment_status":"open","ping_status":"closed","template":"","meta":[],"product_cat":[94,124],"product_tag":[97,125],"_links":{"self":[{"href":"https:\/\/www.vivian.com.gt\/tienda\/wp-json\/wp\/v2\/product\/99459"}],"collection":[{"href":"https:\/\/www.vivian.com.gt\/tienda\/wp-json\/wp\/v2\/product"}],"about":[{"href":"https:\/\/www.vivian.com.gt\/tienda\/wp-json\/wp\/v2\/types\/product"}],"replies":[{"embeddable":true,"href":"https:\/\/www.vivian.com.gt\/tienda\/wp-json\/wp\/v2\/comments?post=99459"}],"wp:featuredmedia":[{"embeddable":true,"href":"https:\/\/www.vivian.com.gt\/tienda\/wp-json\/wp\/v2\/media\/100950"}],"wp:attachment":[{"href":"https:\/\/www.vivian.com.gt\/tienda\/wp-json\/wp\/v2\/media?parent=99459"}],"wp:term":[{"taxonomy":"product_cat","embeddable":true,"href":"https:\/\/www.vivian.com.gt\/tienda\/wp-json\/wp\/v2\/product_cat?post=99459"},{"taxonomy":"product_tag","embeddable":true,"href":"https:\/\/www.vivian.com.gt\/tienda\/wp-json\/wp\/v2\/product_tag?post=99459"}],"curies":[{"name":"wp","href":"https:\/\/api.w.org\/{rel}","templated":true}]}}