{"id":99528,"date":"2021-01-06T21:53:22","date_gmt":"2021-01-06T20:53:22","guid":{"rendered":"http:\/\/base.vivian.lab\/product\/import-placeholder-for-2191\/"},"modified":"2025-01-13T18:33:26","modified_gmt":"2025-01-13T17:33:26","slug":"cuchilla-azor-corty-5025","status":"publish","type":"product","link":"https:\/\/www.vivian.com.gt\/tienda\/product\/cuchilla-azor-corty-5025\/","title":{"rendered":"Cuchilla Azor corty 5025"},"content":{"rendered":"<ul>\n<li>Cortador fabricado con doble inyecci\u00f3n, poliestireno y suave grip para mejor agarre (material reciclable)<\/li>\n<li>Dise\u00f1o ergon\u00f3mico y punta de flecha que funciona como soporte y gu\u00eda<\/li>\n<li>Cortador de puntas en la parte posterior<\/li>\n<li>Cuchilla de acero con puntas pre-cortadas para desprender f\u00e1cilmente la secci\u00f3n usada<\/li>\n<li>Ideal para cortar papel, pl\u00e1stico, cartulina y cart\u00f3n<\/li>\n<\/ul>\n","protected":false},"excerpt":{"rendered":"<p>Cuchilla de acero con puntas pre-cortadas para desprender f\u00e1cilmente la secci\u00f3n usada<\/p>\n","protected":false},"featured_media":2575,"comment_status":"open","ping_status":"closed","template":"","meta":[],"product_cat":[148,157],"product_tag":[103,138,133],"_links":{"self":[{"href":"https:\/\/www.vivian.com.gt\/tienda\/wp-json\/wp\/v2\/product\/99528"}],"collection":[{"href":"https:\/\/www.vivian.com.gt\/tienda\/wp-json\/wp\/v2\/product"}],"about":[{"href":"https:\/\/www.vivian.com.gt\/tienda\/wp-json\/wp\/v2\/types\/product"}],"replies":[{"embeddable":true,"href":"https:\/\/www.vivian.com.gt\/tienda\/wp-json\/wp\/v2\/comments?post=99528"}],"wp:featuredmedia":[{"embeddable":true,"href":"https:\/\/www.vivian.com.gt\/tienda\/wp-json\/wp\/v2\/media\/2575"}],"wp:attachment":[{"href":"https:\/\/www.vivian.com.gt\/tienda\/wp-json\/wp\/v2\/media?parent=99528"}],"wp:term":[{"taxonomy":"product_cat","embeddable":true,"href":"https:\/\/www.vivian.com.gt\/tienda\/wp-json\/wp\/v2\/product_cat?post=99528"},{"taxonomy":"product_tag","embeddable":true,"href":"https:\/\/www.vivian.com.gt\/tienda\/wp-json\/wp\/v2\/product_tag?post=99528"}],"curies":[{"name":"wp","href":"https:\/\/api.w.org\/{rel}","templated":true}]}}