{"id":99561,"date":"2021-01-06T21:54:47","date_gmt":"2021-01-06T20:54:47","guid":{"rendered":"http:\/\/base.vivian.lab\/product\/import-placeholder-for-2241\/"},"modified":"2026-01-25T05:21:12","modified_gmt":"2026-01-25T04:21:12","slug":"tabla-shanon-sablon-plastica-con-clip-plastico-carta","status":"publish","type":"product","link":"https:\/\/www.vivian.com.gt\/tienda\/product\/tabla-shanon-sablon-plastica-con-clip-plastico-carta\/","title":{"rendered":"Tabla shanon Sablon pl\u00e1stica con clip pl\u00e1stico carta"},"content":{"rendered":"<ul>\n<li>Tabla de apoyo<\/li>\n<li>Tama\u00f1o carta<\/li>\n<li>Con resistente clip pl\u00e1stico para sostener l\u00e1piz o bol\u00edgrafo<\/li>\n<\/ul>\n","protected":false},"excerpt":{"rendered":"<p>Tabla de apoyo<\/p>\n","protected":false},"featured_media":2248,"comment_status":"open","ping_status":"closed","template":"","meta":[],"product_cat":[148,175],"product_tag":[176,177],"_links":{"self":[{"href":"https:\/\/www.vivian.com.gt\/tienda\/wp-json\/wp\/v2\/product\/99561"}],"collection":[{"href":"https:\/\/www.vivian.com.gt\/tienda\/wp-json\/wp\/v2\/product"}],"about":[{"href":"https:\/\/www.vivian.com.gt\/tienda\/wp-json\/wp\/v2\/types\/product"}],"replies":[{"embeddable":true,"href":"https:\/\/www.vivian.com.gt\/tienda\/wp-json\/wp\/v2\/comments?post=99561"}],"wp:featuredmedia":[{"embeddable":true,"href":"https:\/\/www.vivian.com.gt\/tienda\/wp-json\/wp\/v2\/media\/2248"}],"wp:attachment":[{"href":"https:\/\/www.vivian.com.gt\/tienda\/wp-json\/wp\/v2\/media?parent=99561"}],"wp:term":[{"taxonomy":"product_cat","embeddable":true,"href":"https:\/\/www.vivian.com.gt\/tienda\/wp-json\/wp\/v2\/product_cat?post=99561"},{"taxonomy":"product_tag","embeddable":true,"href":"https:\/\/www.vivian.com.gt\/tienda\/wp-json\/wp\/v2\/product_tag?post=99561"}],"curies":[{"name":"wp","href":"https:\/\/api.w.org\/{rel}","templated":true}]}}