{"id":99610,"date":"2021-01-06T21:57:21","date_gmt":"2021-01-06T20:57:21","guid":{"rendered":"http:\/\/base.vivian.lab\/product\/import-placeholder-for-2345\/"},"modified":"2023-11-13T22:08:19","modified_gmt":"2023-11-13T21:08:19","slug":"crayon-graso-pelikan-con-pita-azul","status":"publish","type":"product","link":"https:\/\/www.vivian.com.gt\/tienda\/product\/crayon-graso-pelikan-con-pita-azul\/","title":{"rendered":"Cray\u00f3n graso Pelikan con pita azul"},"content":{"rendered":"<ul>\n<li>Suavidad al escribir<\/li>\n<li>Para marcar vidrio, papel, madera, acetatos, metal, celof\u00e1n, pl\u00e1stico, cart\u00f3n, caucho, cuero, etc.<\/li>\n<li>No t\u00f3xico<\/li>\n<\/ul>\n","protected":false},"excerpt":{"rendered":"<p>Para marcar vidrio, papel, madera, acetatos, metal, celof\u00e1n, pl\u00e1stico, cart\u00f3n, caucho, cuero, etc.<\/p>\n","protected":false},"featured_media":100322,"comment_status":"open","ping_status":"closed","template":"","meta":[],"product_cat":[199,89],"product_tag":[200,201],"_links":{"self":[{"href":"https:\/\/www.vivian.com.gt\/tienda\/wp-json\/wp\/v2\/product\/99610"}],"collection":[{"href":"https:\/\/www.vivian.com.gt\/tienda\/wp-json\/wp\/v2\/product"}],"about":[{"href":"https:\/\/www.vivian.com.gt\/tienda\/wp-json\/wp\/v2\/types\/product"}],"replies":[{"embeddable":true,"href":"https:\/\/www.vivian.com.gt\/tienda\/wp-json\/wp\/v2\/comments?post=99610"}],"wp:featuredmedia":[{"embeddable":true,"href":"https:\/\/www.vivian.com.gt\/tienda\/wp-json\/wp\/v2\/media\/100322"}],"wp:attachment":[{"href":"https:\/\/www.vivian.com.gt\/tienda\/wp-json\/wp\/v2\/media?parent=99610"}],"wp:term":[{"taxonomy":"product_cat","embeddable":true,"href":"https:\/\/www.vivian.com.gt\/tienda\/wp-json\/wp\/v2\/product_cat?post=99610"},{"taxonomy":"product_tag","embeddable":true,"href":"https:\/\/www.vivian.com.gt\/tienda\/wp-json\/wp\/v2\/product_tag?post=99610"}],"curies":[{"name":"wp","href":"https:\/\/api.w.org\/{rel}","templated":true}]}}