{"id":99611,"date":"2021-01-06T21:57:22","date_gmt":"2021-01-06T20:57:22","guid":{"rendered":"http:\/\/base.vivian.lab\/product\/import-placeholder-for-2346\/"},"modified":"2026-01-28T15:16:56","modified_gmt":"2026-01-28T14:16:56","slug":"foliadora-pelikan-6-digitos","status":"publish","type":"product","link":"https:\/\/www.vivian.com.gt\/tienda\/product\/foliadora-pelikan-6-digitos\/","title":{"rendered":"Foliadora Pelikan 6 digitos"},"content":{"rendered":"<ul>\n<li>Autom\u00e1tica de cuerpo met\u00e1lico con mango pl\u00e1stico<\/li>\n<li>6 d\u00edgitos<\/li>\n<li>Cuenta con 5 funciones programables<\/li>\n<li>Incluye: 2 almohadillas, 1 tinta negra, 1 ajustador pl\u00e1stico<\/li>\n<\/ul>\n","protected":false},"excerpt":{"rendered":"<p>Cuenta con 5 funciones programables<\/p>\n","protected":false},"featured_media":2347,"comment_status":"open","ping_status":"closed","template":"","meta":[],"product_cat":[202,89],"product_tag":[203],"_links":{"self":[{"href":"https:\/\/www.vivian.com.gt\/tienda\/wp-json\/wp\/v2\/product\/99611"}],"collection":[{"href":"https:\/\/www.vivian.com.gt\/tienda\/wp-json\/wp\/v2\/product"}],"about":[{"href":"https:\/\/www.vivian.com.gt\/tienda\/wp-json\/wp\/v2\/types\/product"}],"replies":[{"embeddable":true,"href":"https:\/\/www.vivian.com.gt\/tienda\/wp-json\/wp\/v2\/comments?post=99611"}],"wp:featuredmedia":[{"embeddable":true,"href":"https:\/\/www.vivian.com.gt\/tienda\/wp-json\/wp\/v2\/media\/2347"}],"wp:attachment":[{"href":"https:\/\/www.vivian.com.gt\/tienda\/wp-json\/wp\/v2\/media?parent=99611"}],"wp:term":[{"taxonomy":"product_cat","embeddable":true,"href":"https:\/\/www.vivian.com.gt\/tienda\/wp-json\/wp\/v2\/product_cat?post=99611"},{"taxonomy":"product_tag","embeddable":true,"href":"https:\/\/www.vivian.com.gt\/tienda\/wp-json\/wp\/v2\/product_tag?post=99611"}],"curies":[{"name":"wp","href":"https:\/\/api.w.org\/{rel}","templated":true}]}}