{"id":99661,"date":"2021-01-06T21:59:57","date_gmt":"2021-01-06T20:59:57","guid":{"rendered":"http:\/\/base.vivian.lab\/product\/import-placeholder-for-2413\/"},"modified":"2023-11-13T22:08:25","modified_gmt":"2023-11-13T21:08:25","slug":"cartapacio-presentacion-wilson-jones-carta-1","status":"publish","type":"product","link":"https:\/\/www.vivian.com.gt\/tienda\/product\/cartapacio-presentacion-wilson-jones-carta-1\/","title":{"rendered":"Cartapacio presentaci\u00f3n Wilson Jones carta 1&#8243;"},"content":{"rendered":"<ul>\n<li>Cartapacio\u00a0 panor\u00e1mico con 3 ventanas transparentes\u00a0 y doble bolsa interior.<\/li>\n<li>Fabricado en cart\u00f3n s\u00f3lido y vinil de la m\u00e1s alta calidad.<\/li>\n<li>Mecanismo remachado en tapa posterior<\/li>\n<\/ul>\n","protected":false},"excerpt":{"rendered":"<p>Fabricado en cart\u00f3n s\u00f3lido y vinil de la m\u00e1s alta calidad.<\/p>\n","protected":false},"featured_media":3250,"comment_status":"open","ping_status":"closed","template":"","meta":[],"product_cat":[180,218],"product_tag":[156],"_links":{"self":[{"href":"https:\/\/www.vivian.com.gt\/tienda\/wp-json\/wp\/v2\/product\/99661"}],"collection":[{"href":"https:\/\/www.vivian.com.gt\/tienda\/wp-json\/wp\/v2\/product"}],"about":[{"href":"https:\/\/www.vivian.com.gt\/tienda\/wp-json\/wp\/v2\/types\/product"}],"replies":[{"embeddable":true,"href":"https:\/\/www.vivian.com.gt\/tienda\/wp-json\/wp\/v2\/comments?post=99661"}],"wp:featuredmedia":[{"embeddable":true,"href":"https:\/\/www.vivian.com.gt\/tienda\/wp-json\/wp\/v2\/media\/3250"}],"wp:attachment":[{"href":"https:\/\/www.vivian.com.gt\/tienda\/wp-json\/wp\/v2\/media?parent=99661"}],"wp:term":[{"taxonomy":"product_cat","embeddable":true,"href":"https:\/\/www.vivian.com.gt\/tienda\/wp-json\/wp\/v2\/product_cat?post=99661"},{"taxonomy":"product_tag","embeddable":true,"href":"https:\/\/www.vivian.com.gt\/tienda\/wp-json\/wp\/v2\/product_tag?post=99661"}],"curies":[{"name":"wp","href":"https:\/\/api.w.org\/{rel}","templated":true}]}}