{"id":99670,"date":"2021-01-06T22:00:07","date_gmt":"2021-01-06T21:00:07","guid":{"rendered":"http:\/\/base.vivian.lab\/product\/import-placeholder-for-2422\/"},"modified":"2024-10-02T17:06:42","modified_gmt":"2024-10-02T15:06:42","slug":"cartapacio-presentacion-wilson-jones-carta-3","status":"publish","type":"product","link":"https:\/\/www.vivian.com.gt\/tienda\/product\/cartapacio-presentacion-wilson-jones-carta-3\/","title":{"rendered":"Cartapacio presentaci\u00f3n Wilson Jones carta 3&#8243;"},"content":{"rendered":"<ul>\n<li>Cartapacio\u00a0 panor\u00e1mico con 3 ventanas transparentes\u00a0 y doble bolsa interior<\/li>\n<li>Fabricado en cart\u00f3n s\u00f3lido y vinil de la m\u00e1s alta calidad<\/li>\n<li>Mecanismo remachado en tapa posterior<\/li>\n<\/ul>\n","protected":false},"excerpt":{"rendered":"<p>Fabricado en cart\u00f3n s\u00f3lido y vinil de la m\u00e1s alta calidad<\/p>\n","protected":false},"featured_media":3258,"comment_status":"open","ping_status":"closed","template":"","meta":[],"product_cat":[180,155,218],"product_tag":[156],"_links":{"self":[{"href":"https:\/\/www.vivian.com.gt\/tienda\/wp-json\/wp\/v2\/product\/99670"}],"collection":[{"href":"https:\/\/www.vivian.com.gt\/tienda\/wp-json\/wp\/v2\/product"}],"about":[{"href":"https:\/\/www.vivian.com.gt\/tienda\/wp-json\/wp\/v2\/types\/product"}],"replies":[{"embeddable":true,"href":"https:\/\/www.vivian.com.gt\/tienda\/wp-json\/wp\/v2\/comments?post=99670"}],"wp:featuredmedia":[{"embeddable":true,"href":"https:\/\/www.vivian.com.gt\/tienda\/wp-json\/wp\/v2\/media\/3258"}],"wp:attachment":[{"href":"https:\/\/www.vivian.com.gt\/tienda\/wp-json\/wp\/v2\/media?parent=99670"}],"wp:term":[{"taxonomy":"product_cat","embeddable":true,"href":"https:\/\/www.vivian.com.gt\/tienda\/wp-json\/wp\/v2\/product_cat?post=99670"},{"taxonomy":"product_tag","embeddable":true,"href":"https:\/\/www.vivian.com.gt\/tienda\/wp-json\/wp\/v2\/product_tag?post=99670"}],"curies":[{"name":"wp","href":"https:\/\/api.w.org\/{rel}","templated":true}]}}